{"id":129,"date":"2021-01-01T12:02:11","date_gmt":"2021-01-01T17:02:11","guid":{"rendered":"https:\/\/venturisales.com\/?page_id=129"},"modified":"2022-04-04T20:30:21","modified_gmt":"2022-04-05T00:30:21","slug":"about-us","status":"publish","type":"page","link":"https:\/\/venturisales.com\/fr\/about-us","title":{"rendered":"\u00c0 propos"},"content":{"rendered":"<div data-elementor-type=\"wp-page\" data-elementor-id=\"129\" class=\"elementor elementor-129\">\n\t\t\t\t\t\t<section class=\"elementor-section elementor-top-section elementor-element elementor-element-784e499a elementor-section-boxed elementor-section-height-default elementor-section-height-default\" data-id=\"784e499a\" data-element_type=\"section\" data-e-type=\"section\">\n\t\t\t\t\t\t<div class=\"elementor-container elementor-column-gap-default\">\n\t\t\t\t\t<div class=\"elementor-column elementor-col-100 elementor-top-column elementor-element elementor-element-37c85504\" data-id=\"37c85504\" data-element_type=\"column\" data-e-type=\"column\">\n\t\t\t<div class=\"elementor-widget-wrap elementor-element-populated\">\n\t\t\t\t\t\t<div class=\"elementor-element elementor-element-b7a6d26 elementor-widget elementor-widget-text-editor\" data-id=\"b7a6d26\" data-element_type=\"widget\" data-e-type=\"widget\" data-widget_type=\"text-editor.default\">\n\t\t\t\t<div class=\"elementor-widget-container\">\n\t\t\t\t\t\t\t\t\t<p><\/p>\n<h3 class=\"wp-block-heading\">L'aventure Venturi commence\u2026<\/h3>\n<p><\/p>\n<p><\/p>\n<p>Venturi a \u00e9t\u00e9 cr\u00e9\u00e9 \u00e0 la lumi\u00e8re de quelques d\u00e9couvertes cl\u00e9s:<\/p>\n<p><\/p>\n<p><\/p>\n<p>1.\u00a0 A structured and high performing sales team leads to a significant increase in sales.<\/p>\n<p><\/p>\n<p><\/p>\n<p>2.\u00a0 Not many avaible tools exist to support Sales Best Practices :<\/p>\n<p><\/p>\n<p><\/p>\n<ul class=\"wp-block-list\">\n<li>ERP pour les op\u00e9rations<\/li>\n<li>CRM pour la gestion de la relation client et le marketing<\/li>\n<li>MRP pour la production<\/li>\n<li><strong>Rien n'existe pour la gestion proactive des ventes<\/strong><\/li>\n<\/ul>\n<p><\/p>\n<p><\/p>\n<p>3. Le march\u00e9 cherche des outils pour mettre en \u0153uvre et maintenir les meilleures pratiques de vente.<\/p>\n<p><\/p>\n<p><\/p>\n<h5 class=\"wp-block-heading\"><strong>\u00c0 la suite de ces d\u00e9couvertes cl\u00e9s, Venturi est n\u00e9<\/strong><\/h5>\n<p><\/p>\n<p><\/p>\n<p>Venturi a \u00e9t\u00e9 fond\u00e9e par une \u00e9quipe d'experts en vente qui poss\u00e8de une vaste exp\u00e9rience dans les domaines de la vente, de la gestion des ventes, du conseil en vente et du conseil en strat\u00e9gie d'entreprise.<br \/>Passionn\u00e9e et d\u00e9vou\u00e9e \u00e0 l\u2019augmentation des performances commerciales de l\u2019entreprise, l\u2019\u00e9quipe de Venturi s\u2019\u00e9panouit dans le d\u00e9veloppement de solutions qui aident les \u00e9quipes de gestion des ventes \u00e0 obtenir des r\u00e9sultats mesurables.<\/p>\n<p><\/p>\n<p><\/p>\n<div class=\"wp-block-themeisle-blocks-advanced-columns has-3-columns has-desktop-equal-layout has-tablet-equal-layout has-mobile-collapsedRows-layout has-default-gap has-vertical-unset\" id=\"wp-block-themeisle-blocks-advanced-columns-27c74293\">\n<div class=\"wp-block-themeisle-blocks-advanced-columns-overlay\"><\/div>\n<div class=\"innerblocks-wrap\">\n<p><\/p>\n<div class=\"wp-block-themeisle-blocks-advanced-column\" id=\"wp-block-themeisle-blocks-advanced-column-e08a75cd\">\n<p><\/p>\n<div class=\"wp-block-image is-style-rounded\">\n<figure class=\"aligncenter size-large\"><img decoding=\"async\" width=\"200\" height=\"200\" src=\"https:\/\/venturisales.com\/wp-content\/uploads\/2020\/12\/a_004.jpg\" alt=\"\" class=\"wp-image-64\" srcset=\"https:\/\/venturisales.com\/wp-content\/uploads\/2020\/12\/a_004.jpg 200w, https:\/\/venturisales.com\/wp-content\/uploads\/2020\/12\/a_004-160x160.jpg 160w, https:\/\/venturisales.com\/wp-content\/uploads\/2020\/12\/a_004-150x150.jpg 150w\" sizes=\"(max-width: 200px) 100vw, 200px\" \/>\n<p><\/p>\n<figcaption><strong>Rodolphe Meynier<\/strong><br \/>A une opinion sur tout!<\/figcaption>\n<\/figure>\n<\/div>\n<p><\/p>\n<\/div>\n<p><\/p>\n<p><\/p>\n<div class=\"wp-block-themeisle-blocks-advanced-column\" id=\"wp-block-themeisle-blocks-advanced-column-fb227be0\">\n<p><\/p>\n<div class=\"wp-block-image is-style-rounded\">\n<figure class=\"aligncenter size-large is-resized\"><img decoding=\"async\" src=\"https:\/\/venturisales.com\/wp-content\/uploads\/2020\/12\/a.jpg\" alt=\"\" class=\"wp-image-65\" width=\"200\" height=\"200\" srcset=\"https:\/\/venturisales.com\/wp-content\/uploads\/2020\/12\/a.jpg 200w, https:\/\/venturisales.com\/wp-content\/uploads\/2020\/12\/a-160x160.jpg 160w, https:\/\/venturisales.com\/wp-content\/uploads\/2020\/12\/a-150x150.jpg 150w\" sizes=\"(max-width: 200px) 100vw, 200px\" \/>\n<p><\/p>\n<figcaption><strong>R\u00e9jean Dancause<\/strong><br \/>Pose toujours les bonnes questions!<\/figcaption>\n<\/figure>\n<\/div>\n<p><\/p>\n<\/div>\n<p><\/p>\n<p><\/p>\n<div class=\"wp-block-themeisle-blocks-advanced-column\" id=\"wp-block-themeisle-blocks-advanced-column-b09a8b2f\">\n<p><\/p>\n<div class=\"wp-block-image is-style-rounded\">\n<figure class=\"aligncenter size-large\"><img decoding=\"async\" width=\"200\" height=\"200\" src=\"https:\/\/venturisales.com\/wp-content\/uploads\/2020\/12\/a_002.jpg\" alt=\"\" class=\"wp-image-63\" srcset=\"https:\/\/venturisales.com\/wp-content\/uploads\/2020\/12\/a_002.jpg 200w, https:\/\/venturisales.com\/wp-content\/uploads\/2020\/12\/a_002-160x160.jpg 160w, https:\/\/venturisales.com\/wp-content\/uploads\/2020\/12\/a_002-150x150.jpg 150w\" sizes=\"(max-width: 200px) 100vw, 200px\" \/>\n<p><\/p>\n<figcaption><strong>Sonia Atton<\/strong><br \/>Met de l'\u00e9nergie dans tout ce qu'elle fait!<\/figcaption>\n<figcaption><\/figcaption>\n<figcaption><br \/><img loading=\"lazy\" decoding=\"async\" src=\"https:\/\/venturisales.com\/wp-content\/uploads\/2022\/04\/Mathieu-Malenfant-1-277x300.jpg\" alt=\"\" width=\"277\" height=\"300\" class=\"alignnone size-medium wp-image-670\" srcset=\"https:\/\/venturisales.com\/wp-content\/uploads\/2022\/04\/Mathieu-Malenfant-1-277x300.jpg 277w, https:\/\/venturisales.com\/wp-content\/uploads\/2022\/04\/Mathieu-Malenfant-1-11x12.jpg 11w, https:\/\/venturisales.com\/wp-content\/uploads\/2022\/04\/Mathieu-Malenfant-1.jpg 410w\" sizes=\"(max-width: 277px) 100vw, 277px\" \/><br \/><strong>Mathieu Malenfant<br \/><\/strong>Trouve des solutions innovantes!<br \/><br \/><br \/><img loading=\"lazy\" decoding=\"async\" src=\"https:\/\/venturisales.com\/wp-content\/uploads\/2022\/04\/CELSIUS-Equipe-690x430-Gaetan-1.jpg\" alt=\"\" width=\"296\" height=\"286\" class=\"alignnone size-full wp-image-669\" srcset=\"https:\/\/venturisales.com\/wp-content\/uploads\/2022\/04\/CELSIUS-Equipe-690x430-Gaetan-1.jpg 296w, https:\/\/venturisales.com\/wp-content\/uploads\/2022\/04\/CELSIUS-Equipe-690x430-Gaetan-1-12x12.jpg 12w\" sizes=\"(max-width: 296px) 100vw, 296px\" \/><br \/><strong>Gaetan Bolduc<br \/><\/strong>Expert en d\u00e9veloppement de march\u00e9!<\/figcaption>\n<\/figure>\n<\/div>\n<p><\/p>\n<\/div>\n<p><\/p>\n<\/div>\n<\/div>\n<p><\/p>\n<p><\/p>\n<p><\/p>\t\t\t\t\t\t\t\t<\/div>\n\t\t\t\t<\/div>\n\t\t\t\t\t<\/div>\n\t\t<\/div>\n\t\t\t\t\t<\/div>\n\t\t<\/section>\n\t\t\t\t<\/div>","protected":false},"excerpt":{"rendered":"<p>The Venturi Adventure Begins&#8230; Venturi was created in light of some key findings: 1.\u00a0 A structured and high performing sales team leads to a significant increase in sales. 2.\u00a0 Not many avaible tools exist to support Sales Best Practices : ERP for operations CRM for customer management and marketing MRP [&hellip;]<\/p>\n","protected":false},"author":2,"featured_media":0,"parent":0,"menu_order":0,"comment_status":"closed","ping_status":"closed","template":"","meta":{"_monsterinsights_skip_tracking":false,"_monsterinsights_sitenote_active":false,"_monsterinsights_sitenote_note":"","_monsterinsights_sitenote_category":0,"footnotes":""},"class_list":["post-129","page","type-page","status-publish","hentry"],"yoast_head":"<!-- This site is optimized with the Yoast SEO plugin v27.4 - https:\/\/yoast.com\/product\/yoast-seo-wordpress\/ -->\n<title>About us - Venturisales<\/title>\n<meta name=\"description\" content=\"Strategic Customer Management software to structure your sales team and obtain postive and measurable results\" \/>\n<meta name=\"robots\" content=\"index, follow, max-snippet:-1, max-image-preview:large, max-video-preview:-1\" \/>\n<link rel=\"canonical\" href=\"https:\/\/venturisales.com\/fr\/about-us\/\" \/>\n<meta property=\"og:locale\" content=\"fr_CA\" \/>\n<meta property=\"og:type\" content=\"article\" \/>\n<meta property=\"og:title\" content=\"About us - Venturisales\" \/>\n<meta property=\"og:description\" content=\"Strategic Customer Management software to structure your sales team and obtain postive and measurable results\" \/>\n<meta property=\"og:url\" content=\"https:\/\/venturisales.com\/fr\/about-us\/\" \/>\n<meta property=\"og:site_name\" content=\"Venturisales\" \/>\n<meta property=\"article:modified_time\" content=\"2022-04-05T00:30:21+00:00\" \/>\n<meta property=\"og:image\" content=\"https:\/\/venturisales.com\/wp-content\/uploads\/2020\/12\/a_004.jpg\" \/>\n<meta name=\"twitter:card\" content=\"summary_large_image\" \/>\n<meta name=\"twitter:label1\" content=\"Estimation du temps de lecture\" \/>\n\t<meta name=\"twitter:data1\" content=\"2 minutes\" \/>\n<script type=\"application\/ld+json\" class=\"yoast-schema-graph\">{\"@context\":\"https:\\\/\\\/schema.org\",\"@graph\":[{\"@type\":\"WebPage\",\"@id\":\"https:\\\/\\\/venturisales.com\\\/about-us\",\"url\":\"https:\\\/\\\/venturisales.com\\\/about-us\",\"name\":\"About us - Venturisales\",\"isPartOf\":{\"@id\":\"https:\\\/\\\/venturisales.com\\\/#website\"},\"primaryImageOfPage\":{\"@id\":\"https:\\\/\\\/venturisales.com\\\/about-us#primaryimage\"},\"image\":{\"@id\":\"https:\\\/\\\/venturisales.com\\\/about-us#primaryimage\"},\"thumbnailUrl\":\"https:\\\/\\\/venturisales.com\\\/wp-content\\\/uploads\\\/2020\\\/12\\\/a_004.jpg\",\"datePublished\":\"2021-01-01T17:02:11+00:00\",\"dateModified\":\"2022-04-05T00:30:21+00:00\",\"description\":\"Strategic Customer Management software to structure your sales team and obtain postive and measurable results\",\"breadcrumb\":{\"@id\":\"https:\\\/\\\/venturisales.com\\\/about-us#breadcrumb\"},\"inLanguage\":\"fr-CA\",\"potentialAction\":[{\"@type\":\"ReadAction\",\"target\":[\"https:\\\/\\\/venturisales.com\\\/about-us\"]}]},{\"@type\":\"ImageObject\",\"inLanguage\":\"fr-CA\",\"@id\":\"https:\\\/\\\/venturisales.com\\\/about-us#primaryimage\",\"url\":\"https:\\\/\\\/venturisales.com\\\/wp-content\\\/uploads\\\/2020\\\/12\\\/a_004.jpg\",\"contentUrl\":\"https:\\\/\\\/venturisales.com\\\/wp-content\\\/uploads\\\/2020\\\/12\\\/a_004.jpg\"},{\"@type\":\"BreadcrumbList\",\"@id\":\"https:\\\/\\\/venturisales.com\\\/about-us#breadcrumb\",\"itemListElement\":[{\"@type\":\"ListItem\",\"position\":1,\"name\":\"Home\",\"item\":\"https:\\\/\\\/venturisales.com\\\/\"},{\"@type\":\"ListItem\",\"position\":2,\"name\":\"About us\"}]},{\"@type\":\"WebSite\",\"@id\":\"https:\\\/\\\/venturisales.com\\\/#website\",\"url\":\"https:\\\/\\\/venturisales.com\\\/\",\"name\":\"Venturisales\",\"description\":\"Strategic Customer Management - Structure your sales team to obtain positive and measurable results\",\"publisher\":{\"@id\":\"https:\\\/\\\/venturisales.com\\\/#organization\"},\"potentialAction\":[{\"@type\":\"SearchAction\",\"target\":{\"@type\":\"EntryPoint\",\"urlTemplate\":\"https:\\\/\\\/venturisales.com\\\/?s={search_term_string}\"},\"query-input\":{\"@type\":\"PropertyValueSpecification\",\"valueRequired\":true,\"valueName\":\"search_term_string\"}}],\"inLanguage\":\"fr-CA\"},{\"@type\":\"Organization\",\"@id\":\"https:\\\/\\\/venturisales.com\\\/#organization\",\"name\":\"Venturisales\",\"url\":\"https:\\\/\\\/venturisales.com\\\/\",\"logo\":{\"@type\":\"ImageObject\",\"inLanguage\":\"fr-CA\",\"@id\":\"https:\\\/\\\/venturisales.com\\\/#\\\/schema\\\/logo\\\/image\\\/\",\"url\":\"https:\\\/\\\/venturisales.com\\\/wp-content\\\/uploads\\\/2020\\\/12\\\/Venturi-logo-seul.png\",\"contentUrl\":\"https:\\\/\\\/venturisales.com\\\/wp-content\\\/uploads\\\/2020\\\/12\\\/Venturi-logo-seul.png\",\"width\":159,\"height\":200,\"caption\":\"Venturisales\"},\"image\":{\"@id\":\"https:\\\/\\\/venturisales.com\\\/#\\\/schema\\\/logo\\\/image\\\/\"}}]}<\/script>\n<!-- \/ Yoast SEO plugin. -->","yoast_head_json":{"title":"About us - Venturisales","description":"Strategic Customer Management software to structure your sales team and obtain postive and measurable results","robots":{"index":"index","follow":"follow","max-snippet":"max-snippet:-1","max-image-preview":"max-image-preview:large","max-video-preview":"max-video-preview:-1"},"canonical":"https:\/\/venturisales.com\/fr\/about-us\/","og_locale":"fr_CA","og_type":"article","og_title":"About us - Venturisales","og_description":"Strategic Customer Management software to structure your sales team and obtain postive and measurable results","og_url":"https:\/\/venturisales.com\/fr\/about-us\/","og_site_name":"Venturisales","article_modified_time":"2022-04-05T00:30:21+00:00","og_image":[{"url":"https:\/\/venturisales.com\/wp-content\/uploads\/2020\/12\/a_004.jpg","type":"","width":"","height":""}],"twitter_card":"summary_large_image","twitter_misc":{"Estimation du temps de lecture":"2 minutes"},"schema":{"@context":"https:\/\/schema.org","@graph":[{"@type":"WebPage","@id":"https:\/\/venturisales.com\/about-us","url":"https:\/\/venturisales.com\/about-us","name":"About us - Venturisales","isPartOf":{"@id":"https:\/\/venturisales.com\/#website"},"primaryImageOfPage":{"@id":"https:\/\/venturisales.com\/about-us#primaryimage"},"image":{"@id":"https:\/\/venturisales.com\/about-us#primaryimage"},"thumbnailUrl":"https:\/\/venturisales.com\/wp-content\/uploads\/2020\/12\/a_004.jpg","datePublished":"2021-01-01T17:02:11+00:00","dateModified":"2022-04-05T00:30:21+00:00","description":"Strategic Customer Management software to structure your sales team and obtain postive and measurable results","breadcrumb":{"@id":"https:\/\/venturisales.com\/about-us#breadcrumb"},"inLanguage":"fr-CA","potentialAction":[{"@type":"ReadAction","target":["https:\/\/venturisales.com\/about-us"]}]},{"@type":"ImageObject","inLanguage":"fr-CA","@id":"https:\/\/venturisales.com\/about-us#primaryimage","url":"https:\/\/venturisales.com\/wp-content\/uploads\/2020\/12\/a_004.jpg","contentUrl":"https:\/\/venturisales.com\/wp-content\/uploads\/2020\/12\/a_004.jpg"},{"@type":"BreadcrumbList","@id":"https:\/\/venturisales.com\/about-us#breadcrumb","itemListElement":[{"@type":"ListItem","position":1,"name":"Home","item":"https:\/\/venturisales.com\/"},{"@type":"ListItem","position":2,"name":"About us"}]},{"@type":"WebSite","@id":"https:\/\/venturisales.com\/#website","url":"https:\/\/venturisales.com\/","name":"Venturisales","description":"Strategic Customer Management - Structure your sales team to obtain positive and measurable results","publisher":{"@id":"https:\/\/venturisales.com\/#organization"},"potentialAction":[{"@type":"SearchAction","target":{"@type":"EntryPoint","urlTemplate":"https:\/\/venturisales.com\/?s={search_term_string}"},"query-input":{"@type":"PropertyValueSpecification","valueRequired":true,"valueName":"search_term_string"}}],"inLanguage":"fr-CA"},{"@type":"Organization","@id":"https:\/\/venturisales.com\/#organization","name":"Venturisales","url":"https:\/\/venturisales.com\/","logo":{"@type":"ImageObject","inLanguage":"fr-CA","@id":"https:\/\/venturisales.com\/#\/schema\/logo\/image\/","url":"https:\/\/venturisales.com\/wp-content\/uploads\/2020\/12\/Venturi-logo-seul.png","contentUrl":"https:\/\/venturisales.com\/wp-content\/uploads\/2020\/12\/Venturi-logo-seul.png","width":159,"height":200,"caption":"Venturisales"},"image":{"@id":"https:\/\/venturisales.com\/#\/schema\/logo\/image\/"}}]}},"_links":{"self":[{"href":"https:\/\/venturisales.com\/fr\/wp-json\/wp\/v2\/pages\/129","targetHints":{"allow":["GET"]}}],"collection":[{"href":"https:\/\/venturisales.com\/fr\/wp-json\/wp\/v2\/pages"}],"about":[{"href":"https:\/\/venturisales.com\/fr\/wp-json\/wp\/v2\/types\/page"}],"author":[{"embeddable":true,"href":"https:\/\/venturisales.com\/fr\/wp-json\/wp\/v2\/users\/2"}],"replies":[{"embeddable":true,"href":"https:\/\/venturisales.com\/fr\/wp-json\/wp\/v2\/comments?post=129"}],"version-history":[{"count":14,"href":"https:\/\/venturisales.com\/fr\/wp-json\/wp\/v2\/pages\/129\/revisions"}],"predecessor-version":[{"id":679,"href":"https:\/\/venturisales.com\/fr\/wp-json\/wp\/v2\/pages\/129\/revisions\/679"}],"wp:attachment":[{"href":"https:\/\/venturisales.com\/fr\/wp-json\/wp\/v2\/media?parent=129"}],"curies":[{"name":"wp","href":"https:\/\/api.w.org\/{rel}","templated":true}]}}